{"id":7390,"date":"2021-12-26T13:41:46","date_gmt":"2021-12-26T13:41:46","guid":{"rendered":"https:\/\/test2.xbodyworld.com\/?page_id=7390"},"modified":"2022-10-23T23:24:13","modified_gmt":"2022-10-23T23:24:13","slug":"xbody-training-germany-gmbh","status":"publish","type":"page","link":"https:\/\/dk.xbodyworld.com\/da\/xbody-training-germany-gmbh\/","title":{"rendered":"XBody Training Germany GmbH"},"content":{"rendered":"<div data-elementor-type=\"wp-page\" data-elementor-id=\"7390\" class=\"elementor elementor-7390\">\n\t\t\t\t\t\t<section class=\"elementor-section elementor-top-section elementor-element elementor-element-cb5dc21 elementor-section-boxed elementor-section-height-default elementor-section-height-default\" data-id=\"cb5dc21\" data-element_type=\"section\" data-e-type=\"section\">\n\t\t\t\t\t\t<div class=\"elementor-container elementor-column-gap-default\">\n\t\t\t\t\t<div class=\"elementor-column elementor-col-100 elementor-top-column elementor-element elementor-element-187a08d\" data-id=\"187a08d\" data-element_type=\"column\" data-e-type=\"column\">\n\t\t\t<div class=\"elementor-widget-wrap\">\n\t\t\t\t\t\t\t<\/div>\n\t\t<\/div>\n\t\t\t\t\t<\/div>\n\t\t<\/section>\n\t\t\t\t<section class=\"elementor-section elementor-top-section elementor-element elementor-element-4048619 elementor-section-height-min-height elementor-section-content-top elementor-section-boxed elementor-section-height-default elementor-section-items-middle\" data-id=\"4048619\" data-element_type=\"section\" data-e-type=\"section\" data-settings=\"{&quot;background_background&quot;:&quot;classic&quot;}\">\n\t\t\t\t\t\t\t<div class=\"elementor-background-overlay\"><\/div>\n\t\t\t\t\t\t\t<div class=\"elementor-container elementor-column-gap-wider\">\n\t\t\t\t\t<div class=\"elementor-column elementor-col-50 elementor-top-column elementor-element elementor-element-2b76716\" data-id=\"2b76716\" data-element_type=\"column\" data-e-type=\"column\">\n\t\t\t<div class=\"elementor-widget-wrap elementor-element-populated\">\n\t\t\t\t\t\t<div class=\"elementor-element elementor-element-d7ac782 elementor-widget__width-inherit elementor-widget elementor-widget-image\" data-id=\"d7ac782\" data-element_type=\"widget\" data-e-type=\"widget\" data-widget_type=\"image.default\">\n\t\t\t\t<div class=\"elementor-widget-container\">\n\t\t\t\t\t\t\t\t\t\t\t\t\t\t\t<img decoding=\"async\" src=\"https:\/\/de.xbodyworld.com\/wp-content\/uploads\/2021\/12\/de.svg\" title=\"\" alt=\"\" loading=\"lazy\" \/>\t\t\t\t\t\t\t\t\t\t\t\t\t\t\t<\/div>\n\t\t\t\t<\/div>\n\t\t\t\t<div class=\"elementor-element elementor-element-e885d9c elementor-widget elementor-widget-text-editor\" data-id=\"e885d9c\" data-element_type=\"widget\" data-e-type=\"widget\" data-widget_type=\"text-editor.default\">\n\t\t\t\t<div class=\"elementor-widget-container\">\n\t\t\t\t\t\t\t\t\t<p>Seit August 2015 werden die XBody-Ger\u00e4te von der Firma XBody Training Germany vertrieben.<\/p><p>\u00a0<\/p><p>Mit Dorsten wurde eine Zentrale f\u00fcr Deutschland und \u00d6sterreich gegr\u00fcndet, die auch Raum f\u00fcr den Show- und Schulungsraum sowie das Lager bietet.<\/p><p>\u00a0<\/p><p>Dabei wurde XBody bereits 2010 gegr\u00fcndet, kann also mittlerweile auf einen gro\u00dfen Erfahrungsschatz zur\u00fcckblicken. Schon seit 2012 wird bei den Ger\u00e4ten auf einen Touchscreen gesetzt und damit zeigt sich gleich, wie sich Xbody im rasant wachsenden Markt positionieren m\u00f6chte. \u201eWir sehen uns als Innovationsf\u00fchrer im EMS-Markt.\u201c, so Dominic Be\u00dfler der Vertriebsleiter f\u00fcr Deutschland. \u201eSchon bei unserem ersten Touchscreen-Ger\u00e4t hatten wir viele Funktionen integriert, die dann sp\u00e4ter von anderen \u00fcbernommen wurden.\u201c<\/p><p>\u00a0<\/p><p>Mit diesem Ger\u00e4t, den XBody Newave, konnte XBody 2014 den FIBO Innovation Award in der Kategorie Ausstattung und Design gewinnen. Die Jury begr\u00fcndete ihre Entscheidung damit, dass dasGer\u00e4t dem aktuellen Zeitgeist entspreche.<\/p>\t\t\t\t\t\t\t\t<\/div>\n\t\t\t\t<\/div>\n\t\t\t\t\t<\/div>\n\t\t<\/div>\n\t\t\t\t<div class=\"elementor-column elementor-col-50 elementor-top-column elementor-element elementor-element-1b2b83e hero-align-bottom\" data-id=\"1b2b83e\" data-element_type=\"column\" data-e-type=\"column\">\n\t\t\t<div class=\"elementor-widget-wrap\">\n\t\t\t\t\t\t\t<\/div>\n\t\t<\/div>\n\t\t\t\t\t<\/div>\n\t\t<\/section>\n\t\t\t\t<section class=\"elementor-section elementor-top-section elementor-element elementor-element-b164239 elementor-hidden-mobile elementor-section-boxed elementor-section-height-default elementor-section-height-default\" data-id=\"b164239\" data-element_type=\"section\" data-e-type=\"section\">\n\t\t\t\t\t\t<div class=\"elementor-container elementor-column-gap-default\">\n\t\t\t\t\t<div class=\"elementor-column elementor-col-100 elementor-top-column elementor-element elementor-element-8ce521b\" data-id=\"8ce521b\" data-element_type=\"column\" data-e-type=\"column\">\n\t\t\t<div class=\"elementor-widget-wrap elementor-element-populated\">\n\t\t\t\t\t\t<div class=\"elementor-element elementor-element-981b474 elementor-widget elementor-widget-breadcrumbs\" data-id=\"981b474\" data-element_type=\"widget\" data-e-type=\"widget\" data-widget_type=\"breadcrumbs.default\">\n\t\t\t\t<div class=\"elementor-widget-container\">\n\t\t\t\t\t<p id=\"breadcrumbs\"><span><span><a href=\"https:\/\/dk.xbodyworld.com\/da\/\">Home<\/a><\/span><\/span><\/p>\t\t\t\t<\/div>\n\t\t\t\t<\/div>\n\t\t\t\t\t<\/div>\n\t\t<\/div>\n\t\t\t\t\t<\/div>\n\t\t<\/section>\n\t\t\t\t<section class=\"elementor-section elementor-top-section elementor-element elementor-element-ccb3219 elementor-section-boxed elementor-section-height-default elementor-section-height-default\" data-id=\"ccb3219\" data-element_type=\"section\" data-e-type=\"section\">\n\t\t\t\t\t\t<div class=\"elementor-container elementor-column-gap-default\">\n\t\t\t\t\t<div class=\"elementor-column elementor-col-100 elementor-top-column elementor-element elementor-element-7c4aea9\" data-id=\"7c4aea9\" data-element_type=\"column\" data-e-type=\"column\">\n\t\t\t<div class=\"elementor-widget-wrap elementor-element-populated\">\n\t\t\t\t\t\t<div class=\"elementor-element elementor-element-33e87fc elementor-widget elementor-widget-text-editor\" data-id=\"33e87fc\" data-element_type=\"widget\" data-e-type=\"widget\" data-widget_type=\"text-editor.default\">\n\t\t\t\t<div class=\"elementor-widget-container\">\n\t\t\t\t\t\t\t\t\t<div class=\"vc_row wpb_row vc_row-fluid\"><div class=\"wpb_column vc_column_container vc_col-sm-12\"><div class=\"vc_column-inner\"><div class=\"wpb_wrapper\"><div class=\"margins section\"><div class=\"regular-container\"><p>Die Firma XBody Training Germany GmbH wurde im August 2015 gegr\u00fcndet.<\/p><\/div><\/div><\/div><\/div><\/div><\/div><div class=\"vc_row wpb_row vc_row-fluid\">\u00a0<\/div>\t\t\t\t\t\t\t\t<\/div>\n\t\t\t\t<\/div>\n\t\t\t\t\t<\/div>\n\t\t<\/div>\n\t\t\t\t\t<\/div>\n\t\t<\/section>\n\t\t\t\t<\/div>","protected":false},"excerpt":{"rendered":"<p>Seit August 2015 werden die XBody-Ger\u00e4te von der Firma XBody Training Germany vertrieben. \u00a0 Mit Dorsten wurde eine Zentrale f\u00fcr Deutschland und \u00d6sterreich gegr\u00fcndet, die auch Raum f\u00fcr den Show- und Schulungsraum sowie das Lager bietet. \u00a0 Dabei wurde XBody bereits 2010 gegr\u00fcndet, kann also mittlerweile auf einen gro\u00dfen Erfahrungsschatz zur\u00fcckblicken. Schon seit 2012 wird&hellip; <a class=\"more-link\" href=\"https:\/\/dk.xbodyworld.com\/da\/xbody-training-germany-gmbh\/\">L\u00e6s mere <span class=\"screen-reader-text\">XBody Training Germany GmbH<\/span><\/a><\/p>","protected":false},"author":1,"featured_media":0,"parent":0,"menu_order":0,"comment_status":"closed","ping_status":"closed","template":"","meta":{"inline_featured_image":false,"footnotes":""},"class_list":["post-7390","page","type-page","status-publish","hentry","entry"],"yoast_head":"<!-- This site is optimized with the Yoast SEO plugin v27.4 - https:\/\/yoast.com\/product\/yoast-seo-wordpress\/ -->\n<title>\u00dcber die Firma XBody Training Germany GmbH. 2015<\/title>\n<meta name=\"description\" content=\"XBody Training Germany Gmbh ist offizieller verk\u00e4ufer von EMS-Technologie und XBEAT in Deutschland.\" \/>\n<meta name=\"robots\" content=\"index, follow, max-snippet:-1, max-image-preview:large, max-video-preview:-1\" \/>\n<link rel=\"canonical\" href=\"https:\/\/dk.xbodyworld.com\/da\/xbody-training-germany-gmbh\/\" \/>\n<meta property=\"og:locale\" content=\"da_DK\" \/>\n<meta property=\"og:type\" content=\"article\" \/>\n<meta property=\"og:title\" content=\"\u00dcber die Firma XBody Training Germany GmbH. 2015\" \/>\n<meta property=\"og:description\" content=\"XBody Training Germany Gmbh ist offizieller verk\u00e4ufer von EMS-Technologie und XBEAT in Deutschland.\" \/>\n<meta property=\"og:url\" content=\"https:\/\/dk.xbodyworld.com\/da\/xbody-training-germany-gmbh\/\" \/>\n<meta property=\"og:site_name\" content=\"XBody\" \/>\n<meta property=\"article:publisher\" content=\"https:\/\/www.facebook.com\/xbodyworld\/\" \/>\n<meta property=\"article:modified_time\" content=\"2022-10-23T23:24:13+00:00\" \/>\n<meta property=\"og:image\" content=\"https:\/\/de.xbodyworld.com\/wp-content\/uploads\/2021\/12\/de.svg\" \/>\n<meta name=\"twitter:card\" content=\"summary_large_image\" \/>\n<meta name=\"twitter:label1\" content=\"Estimeret l\u00e6setid\" \/>\n\t<meta name=\"twitter:data1\" content=\"1 minut\" \/>\n<script type=\"application\/ld+json\" class=\"yoast-schema-graph\">{\"@context\":\"https:\\\/\\\/schema.org\",\"@graph\":[{\"@type\":\"Article\",\"@id\":\"https:\\\/\\\/dk.xbodyworld.com\\\/xbody-training-germany-gmbh\\\/#article\",\"isPartOf\":{\"@id\":\"https:\\\/\\\/dk.xbodyworld.com\\\/xbody-training-germany-gmbh\\\/\"},\"author\":{\"name\":\"UgrenS\",\"@id\":\"https:\\\/\\\/dk.xbodyworld.com\\\/#\\\/schema\\\/person\\\/e7fd448ac399919aa1b20debb74f0427\"},\"headline\":\"XBody Training Germany GmbH\",\"datePublished\":\"2021-12-26T13:41:46+00:00\",\"dateModified\":\"2022-10-23T23:24:13+00:00\",\"mainEntityOfPage\":{\"@id\":\"https:\\\/\\\/dk.xbodyworld.com\\\/xbody-training-germany-gmbh\\\/\"},\"wordCount\":165,\"publisher\":{\"@id\":\"https:\\\/\\\/dk.xbodyworld.com\\\/#organization\"},\"image\":{\"@id\":\"https:\\\/\\\/dk.xbodyworld.com\\\/xbody-training-germany-gmbh\\\/#primaryimage\"},\"thumbnailUrl\":\"https:\\\/\\\/de.xbodyworld.com\\\/wp-content\\\/uploads\\\/2021\\\/12\\\/de.svg\",\"inLanguage\":\"da-DK\"},{\"@type\":\"WebPage\",\"@id\":\"https:\\\/\\\/dk.xbodyworld.com\\\/xbody-training-germany-gmbh\\\/\",\"url\":\"https:\\\/\\\/dk.xbodyworld.com\\\/xbody-training-germany-gmbh\\\/\",\"name\":\"\u00dcber die Firma XBody Training Germany GmbH. 2015\",\"isPartOf\":{\"@id\":\"https:\\\/\\\/dk.xbodyworld.com\\\/#website\"},\"primaryImageOfPage\":{\"@id\":\"https:\\\/\\\/dk.xbodyworld.com\\\/xbody-training-germany-gmbh\\\/#primaryimage\"},\"image\":{\"@id\":\"https:\\\/\\\/dk.xbodyworld.com\\\/xbody-training-germany-gmbh\\\/#primaryimage\"},\"thumbnailUrl\":\"https:\\\/\\\/de.xbodyworld.com\\\/wp-content\\\/uploads\\\/2021\\\/12\\\/de.svg\",\"datePublished\":\"2021-12-26T13:41:46+00:00\",\"dateModified\":\"2022-10-23T23:24:13+00:00\",\"description\":\"XBody Training Germany Gmbh ist offizieller verk\u00e4ufer von EMS-Technologie und XBEAT in Deutschland.\",\"breadcrumb\":{\"@id\":\"https:\\\/\\\/dk.xbodyworld.com\\\/xbody-training-germany-gmbh\\\/#breadcrumb\"},\"inLanguage\":\"da-DK\",\"potentialAction\":[{\"@type\":\"ReadAction\",\"target\":[\"https:\\\/\\\/dk.xbodyworld.com\\\/xbody-training-germany-gmbh\\\/\"]}]},{\"@type\":\"ImageObject\",\"inLanguage\":\"da-DK\",\"@id\":\"https:\\\/\\\/dk.xbodyworld.com\\\/xbody-training-germany-gmbh\\\/#primaryimage\",\"url\":\"https:\\\/\\\/de.xbodyworld.com\\\/wp-content\\\/uploads\\\/2021\\\/12\\\/de.svg\",\"contentUrl\":\"https:\\\/\\\/de.xbodyworld.com\\\/wp-content\\\/uploads\\\/2021\\\/12\\\/de.svg\"},{\"@type\":\"BreadcrumbList\",\"@id\":\"https:\\\/\\\/dk.xbodyworld.com\\\/xbody-training-germany-gmbh\\\/#breadcrumb\",\"itemListElement\":[{\"@type\":\"ListItem\",\"position\":1,\"name\":\"Home\",\"item\":\"https:\\\/\\\/dk.xbodyworld.com\\\/\"},{\"@type\":\"ListItem\",\"position\":2,\"name\":\"XBody Training Germany GmbH\"}]},{\"@type\":\"WebSite\",\"@id\":\"https:\\\/\\\/dk.xbodyworld.com\\\/#website\",\"url\":\"https:\\\/\\\/dk.xbodyworld.com\\\/\",\"name\":\"XBody\",\"description\":\"Award-winning EMS training device in 86 countries\",\"publisher\":{\"@id\":\"https:\\\/\\\/dk.xbodyworld.com\\\/#organization\"},\"potentialAction\":[{\"@type\":\"SearchAction\",\"target\":{\"@type\":\"EntryPoint\",\"urlTemplate\":\"https:\\\/\\\/dk.xbodyworld.com\\\/?s={search_term_string}\"},\"query-input\":{\"@type\":\"PropertyValueSpecification\",\"valueRequired\":true,\"valueName\":\"search_term_string\"}}],\"inLanguage\":\"da-DK\"},{\"@type\":\"Organization\",\"@id\":\"https:\\\/\\\/dk.xbodyworld.com\\\/#organization\",\"name\":\"XBody International Kft\",\"url\":\"https:\\\/\\\/dk.xbodyworld.com\\\/\",\"logo\":{\"@type\":\"ImageObject\",\"inLanguage\":\"da-DK\",\"@id\":\"https:\\\/\\\/dk.xbodyworld.com\\\/#\\\/schema\\\/logo\\\/image\\\/\",\"url\":\"https:\\\/\\\/xbodyworld.com\\\/wp-content\\\/uploads\\\/2021\\\/10\\\/xbody-logo-dark.png\",\"contentUrl\":\"https:\\\/\\\/xbodyworld.com\\\/wp-content\\\/uploads\\\/2021\\\/10\\\/xbody-logo-dark.png\",\"width\":440,\"height\":86,\"caption\":\"XBody International Kft\"},\"image\":{\"@id\":\"https:\\\/\\\/dk.xbodyworld.com\\\/#\\\/schema\\\/logo\\\/image\\\/\"},\"sameAs\":[\"https:\\\/\\\/www.facebook.com\\\/xbodyworld\\\/\"]},{\"@type\":\"Person\",\"@id\":\"https:\\\/\\\/dk.xbodyworld.com\\\/#\\\/schema\\\/person\\\/e7fd448ac399919aa1b20debb74f0427\",\"name\":\"UgrenS\",\"image\":{\"@type\":\"ImageObject\",\"inLanguage\":\"da-DK\",\"@id\":\"https:\\\/\\\/secure.gravatar.com\\\/avatar\\\/d571f107961ecd938cf9f7f35fc71ceb69aa71f9571b16d3a20e3cc260cb38a6?s=96&d=mm&r=g\",\"url\":\"https:\\\/\\\/secure.gravatar.com\\\/avatar\\\/d571f107961ecd938cf9f7f35fc71ceb69aa71f9571b16d3a20e3cc260cb38a6?s=96&d=mm&r=g\",\"contentUrl\":\"https:\\\/\\\/secure.gravatar.com\\\/avatar\\\/d571f107961ecd938cf9f7f35fc71ceb69aa71f9571b16d3a20e3cc260cb38a6?s=96&d=mm&r=g\",\"caption\":\"UgrenS\"},\"sameAs\":[\"http:\\\/\\\/localhost\\\/weborigotrial\"]}]}<\/script>\n<!-- \/ Yoast SEO plugin. -->","yoast_head_json":{"title":"\u00dcber die Firma XBody Training Germany GmbH. 2015","description":"XBody Training Germany Gmbh ist offizieller verk\u00e4ufer von EMS-Technologie und XBEAT in Deutschland.","robots":{"index":"index","follow":"follow","max-snippet":"max-snippet:-1","max-image-preview":"max-image-preview:large","max-video-preview":"max-video-preview:-1"},"canonical":"https:\/\/dk.xbodyworld.com\/da\/xbody-training-germany-gmbh\/","og_locale":"da_DK","og_type":"article","og_title":"\u00dcber die Firma XBody Training Germany GmbH. 2015","og_description":"XBody Training Germany Gmbh ist offizieller verk\u00e4ufer von EMS-Technologie und XBEAT in Deutschland.","og_url":"https:\/\/dk.xbodyworld.com\/da\/xbody-training-germany-gmbh\/","og_site_name":"XBody","article_publisher":"https:\/\/www.facebook.com\/xbodyworld\/","article_modified_time":"2022-10-23T23:24:13+00:00","og_image":[{"url":"https:\/\/de.xbodyworld.com\/wp-content\/uploads\/2021\/12\/de.svg","type":"","width":"","height":""}],"twitter_card":"summary_large_image","twitter_misc":{"Estimeret l\u00e6setid":"1 minut"},"schema":{"@context":"https:\/\/schema.org","@graph":[{"@type":"Article","@id":"https:\/\/dk.xbodyworld.com\/xbody-training-germany-gmbh\/#article","isPartOf":{"@id":"https:\/\/dk.xbodyworld.com\/xbody-training-germany-gmbh\/"},"author":{"name":"UgrenS","@id":"https:\/\/dk.xbodyworld.com\/#\/schema\/person\/e7fd448ac399919aa1b20debb74f0427"},"headline":"XBody Training Germany GmbH","datePublished":"2021-12-26T13:41:46+00:00","dateModified":"2022-10-23T23:24:13+00:00","mainEntityOfPage":{"@id":"https:\/\/dk.xbodyworld.com\/xbody-training-germany-gmbh\/"},"wordCount":165,"publisher":{"@id":"https:\/\/dk.xbodyworld.com\/#organization"},"image":{"@id":"https:\/\/dk.xbodyworld.com\/xbody-training-germany-gmbh\/#primaryimage"},"thumbnailUrl":"https:\/\/de.xbodyworld.com\/wp-content\/uploads\/2021\/12\/de.svg","inLanguage":"da-DK"},{"@type":"WebPage","@id":"https:\/\/dk.xbodyworld.com\/xbody-training-germany-gmbh\/","url":"https:\/\/dk.xbodyworld.com\/xbody-training-germany-gmbh\/","name":"\u00dcber die Firma XBody Training Germany GmbH. 2015","isPartOf":{"@id":"https:\/\/dk.xbodyworld.com\/#website"},"primaryImageOfPage":{"@id":"https:\/\/dk.xbodyworld.com\/xbody-training-germany-gmbh\/#primaryimage"},"image":{"@id":"https:\/\/dk.xbodyworld.com\/xbody-training-germany-gmbh\/#primaryimage"},"thumbnailUrl":"https:\/\/de.xbodyworld.com\/wp-content\/uploads\/2021\/12\/de.svg","datePublished":"2021-12-26T13:41:46+00:00","dateModified":"2022-10-23T23:24:13+00:00","description":"XBody Training Germany Gmbh ist offizieller verk\u00e4ufer von EMS-Technologie und XBEAT in Deutschland.","breadcrumb":{"@id":"https:\/\/dk.xbodyworld.com\/xbody-training-germany-gmbh\/#breadcrumb"},"inLanguage":"da-DK","potentialAction":[{"@type":"ReadAction","target":["https:\/\/dk.xbodyworld.com\/xbody-training-germany-gmbh\/"]}]},{"@type":"ImageObject","inLanguage":"da-DK","@id":"https:\/\/dk.xbodyworld.com\/xbody-training-germany-gmbh\/#primaryimage","url":"https:\/\/de.xbodyworld.com\/wp-content\/uploads\/2021\/12\/de.svg","contentUrl":"https:\/\/de.xbodyworld.com\/wp-content\/uploads\/2021\/12\/de.svg"},{"@type":"BreadcrumbList","@id":"https:\/\/dk.xbodyworld.com\/xbody-training-germany-gmbh\/#breadcrumb","itemListElement":[{"@type":"ListItem","position":1,"name":"Home","item":"https:\/\/dk.xbodyworld.com\/"},{"@type":"ListItem","position":2,"name":"XBody Training Germany GmbH"}]},{"@type":"WebSite","@id":"https:\/\/dk.xbodyworld.com\/#website","url":"https:\/\/dk.xbodyworld.com\/","name":"XBody","description":"Award-winning EMS training device in 86 countries","publisher":{"@id":"https:\/\/dk.xbodyworld.com\/#organization"},"potentialAction":[{"@type":"SearchAction","target":{"@type":"EntryPoint","urlTemplate":"https:\/\/dk.xbodyworld.com\/?s={search_term_string}"},"query-input":{"@type":"PropertyValueSpecification","valueRequired":true,"valueName":"search_term_string"}}],"inLanguage":"da-DK"},{"@type":"Organization","@id":"https:\/\/dk.xbodyworld.com\/#organization","name":"XBody International Kft","url":"https:\/\/dk.xbodyworld.com\/","logo":{"@type":"ImageObject","inLanguage":"da-DK","@id":"https:\/\/dk.xbodyworld.com\/#\/schema\/logo\/image\/","url":"https:\/\/xbodyworld.com\/wp-content\/uploads\/2021\/10\/xbody-logo-dark.png","contentUrl":"https:\/\/xbodyworld.com\/wp-content\/uploads\/2021\/10\/xbody-logo-dark.png","width":440,"height":86,"caption":"XBody International Kft"},"image":{"@id":"https:\/\/dk.xbodyworld.com\/#\/schema\/logo\/image\/"},"sameAs":["https:\/\/www.facebook.com\/xbodyworld\/"]},{"@type":"Person","@id":"https:\/\/dk.xbodyworld.com\/#\/schema\/person\/e7fd448ac399919aa1b20debb74f0427","name":"UgrenS","image":{"@type":"ImageObject","inLanguage":"da-DK","@id":"https:\/\/secure.gravatar.com\/avatar\/d571f107961ecd938cf9f7f35fc71ceb69aa71f9571b16d3a20e3cc260cb38a6?s=96&d=mm&r=g","url":"https:\/\/secure.gravatar.com\/avatar\/d571f107961ecd938cf9f7f35fc71ceb69aa71f9571b16d3a20e3cc260cb38a6?s=96&d=mm&r=g","contentUrl":"https:\/\/secure.gravatar.com\/avatar\/d571f107961ecd938cf9f7f35fc71ceb69aa71f9571b16d3a20e3cc260cb38a6?s=96&d=mm&r=g","caption":"UgrenS"},"sameAs":["http:\/\/localhost\/weborigotrial"]}]}},"_links":{"self":[{"href":"https:\/\/dk.xbodyworld.com\/da\/wp-json\/wp\/v2\/pages\/7390","targetHints":{"allow":["GET"]}}],"collection":[{"href":"https:\/\/dk.xbodyworld.com\/da\/wp-json\/wp\/v2\/pages"}],"about":[{"href":"https:\/\/dk.xbodyworld.com\/da\/wp-json\/wp\/v2\/types\/page"}],"author":[{"embeddable":true,"href":"https:\/\/dk.xbodyworld.com\/da\/wp-json\/wp\/v2\/users\/1"}],"replies":[{"embeddable":true,"href":"https:\/\/dk.xbodyworld.com\/da\/wp-json\/wp\/v2\/comments?post=7390"}],"version-history":[{"count":4,"href":"https:\/\/dk.xbodyworld.com\/da\/wp-json\/wp\/v2\/pages\/7390\/revisions"}],"predecessor-version":[{"id":9431,"href":"https:\/\/dk.xbodyworld.com\/da\/wp-json\/wp\/v2\/pages\/7390\/revisions\/9431"}],"wp:attachment":[{"href":"https:\/\/dk.xbodyworld.com\/da\/wp-json\/wp\/v2\/media?parent=7390"}],"curies":[{"name":"wp","href":"https:\/\/api.w.org\/{rel}","templated":true}]}}